{"id":88,"date":"2019-07-07T05:43:30","date_gmt":"2019-07-07T05:43:30","guid":{"rendered":"http:\/\/wp.bfa-heisterbacherrott.de\/?page_id=88"},"modified":"2020-11-22T05:55:30","modified_gmt":"2020-11-22T04:55:30","slug":"fest-fuer-aeltere-mitbuergerinnen-und-mitbuerger-2019","status":"publish","type":"page","link":"https:\/\/bfa-heisterbacherrott.de\/?page_id=88","title":{"rendered":"Fest f\u00fcr \u00e4ltere Mitb\u00fcrgerinnen und Mitb\u00fcrger 2019"},"content":{"rendered":"\n<p> Fotos: Wolfgang Otto Thiebes<\/p>\n\n\n\nngg_shortcode_0_placeholder\n","protected":false},"excerpt":{"rendered":"<p>Fotos: Wolfgang Otto Thiebes<\/p>\n","protected":false},"author":1,"featured_media":0,"parent":35,"menu_order":0,"comment_status":"closed","ping_status":"closed","template":"","meta":{"ngg_post_thumbnail":0,"footnotes":""},"class_list":["post-88","page","type-page","status-publish","hentry"],"_links":{"self":[{"href":"https:\/\/bfa-heisterbacherrott.de\/index.php?rest_route=\/wp\/v2\/pages\/88","targetHints":{"allow":["GET"]}}],"collection":[{"href":"https:\/\/bfa-heisterbacherrott.de\/index.php?rest_route=\/wp\/v2\/pages"}],"about":[{"href":"https:\/\/bfa-heisterbacherrott.de\/index.php?rest_route=\/wp\/v2\/types\/page"}],"author":[{"embeddable":true,"href":"https:\/\/bfa-heisterbacherrott.de\/index.php?rest_route=\/wp\/v2\/users\/1"}],"replies":[{"embeddable":true,"href":"https:\/\/bfa-heisterbacherrott.de\/index.php?rest_route=%2Fwp%2Fv2%2Fcomments&post=88"}],"version-history":[{"count":5,"href":"https:\/\/bfa-heisterbacherrott.de\/index.php?rest_route=\/wp\/v2\/pages\/88\/revisions"}],"predecessor-version":[{"id":2544,"href":"https:\/\/bfa-heisterbacherrott.de\/index.php?rest_route=\/wp\/v2\/pages\/88\/revisions\/2544"}],"up":[{"embeddable":true,"href":"https:\/\/bfa-heisterbacherrott.de\/index.php?rest_route=\/wp\/v2\/pages\/35"}],"wp:attachment":[{"href":"https:\/\/bfa-heisterbacherrott.de\/index.php?rest_route=%2Fwp%2Fv2%2Fmedia&parent=88"}],"curies":[{"name":"wp","href":"https:\/\/api.w.org\/{rel}","templated":true}]}}