{"id":71,"date":"2019-07-07T04:31:23","date_gmt":"2019-07-07T04:31:23","guid":{"rendered":"http:\/\/wp.bfa-heisterbacherrott.de\/?page_id=71"},"modified":"2019-07-07T04:31:25","modified_gmt":"2019-07-07T04:31:25","slug":"impresseum","status":"publish","type":"page","link":"https:\/\/bfa-heisterbacherrott.de\/?page_id=71","title":{"rendered":"Impresseum"},"content":{"rendered":"\n<p>Angaben nach \u00a7 5 Telemediengesetz (TMG)<\/p>\n\n\n\n<p>B\u00fcrgerfestausschu\u00df Heisterbacherrott<\/p>\n\n\n\n<p><strong>Kontaktdaten :<br><\/strong>1. Vorsitzender<br>Wolfgang Otto Thiebes<br>Vogtsgasse 5<br>53639 K\u00f6nigswinter<br>Tel.: 02244 \/ 912167<br>Email: <a href=\"mailto:vorsitzender@bfa-heisterbacherrott.de\">vorsitzender@bfa-heisterbacherrott.de<\/a><\/p>\n\n\n\n<p>Verantwortlich f\u00fcr journalistisch-redaktionelle Inhalte iSd. \u00a7 55 II RStV:<\/p>\n\n\n\n<p><strong>Internetbeauftragter<br><\/strong>Wolfgang Otto Thiebes<br>Vogtsgasse 5<br>53639 K\u00f6nigswinter<br>Tel.: 02244 \/ 912167<br>Email: <a href=\"mailto:vorsitzender@bfa-heisterbacherrott.de\">vorsitzender@bfa-heisterbacherrott.de<\/a><\/p>\n\n\n\n<p>Das Impressum gilt f\u00fcr www.bfa-heisterbacherrott.de<\/p>\n\n\n\n<p><strong>Haftungsausschluss<\/strong><\/p>\n\n\n\n<p>1. Inhalt des Onlineangebotes<br>Der Autor \u00fcbernimmt keinerlei Gew\u00e4hr f\u00fcr die Aktualit\u00e4t,  Korrektheit, Vollst\u00e4ndigkeit oder Qualit\u00e4t der bereitgestellten  Informationen. Haftungsanspr\u00fcche gegen den Autor, welche sich auf  Sch\u00e4den materieller oder ideeller Art beziehen, die durch die Nutzung  oder Nichtnutzung der dargebotenen Informationen bzw. durch die Nutzung  fehlerhafter und unvollst\u00e4ndiger Informationen verursacht wurden, sind  grunds\u00e4tzlich ausgeschlossen, sofern seitens des Autors kein  nachweislich vors\u00e4tzliches oder grob fahrl\u00e4ssiges Verschulden vorliegt.<\/p>\n\n\n\n<p>Alle Angebote sind freibleibend und unverbindlich. Der Autor \nbeh\u00e4lt es sich ausdr\u00fccklich vor, Teile der Seiten oder das gesamte \nAngebot ohne gesonderte Ank\u00fcndigung zu ver\u00e4ndern, zu erg\u00e4nzen, zu \nl\u00f6schen oder die Ver\u00f6ffentlichung zeitweise oder endg\u00fcltig einzustellen.<\/p>\n\n\n\n<p>2. Verweise und Links<br>Bei direkten oder indirekten Verweisen auf fremde Webseiten  (Hyperlinks), die au\u00dferhalb des Verantwortungsbereiches des Autors  liegen, w\u00fcrde eine Haftungsverpflichtung ausschlie\u00dflich in dem Fall in  Kraft treten, in dem der Autor von den Inhalten Kenntnis hat und es ihm  technisch m\u00f6glich und zumutbar w\u00e4re, die Nutzung im Falle rechtswidriger  Inhalte zu verhindern.<\/p>\n\n\n\n<p>Der Autor erkl\u00e4rt hiermit ausdr\u00fccklich, dass zum Zeitpunkt der \nLinksetzung keine illegalen Inhalte auf den zu verlinkenden Seiten \nerkennbar waren. Auf die aktuelle und zuk\u00fcnftige Gestaltung, die Inhalte\n oder die Urheberschaft der verlinkten\/verkn\u00fcpften Seiten hat der Autor \nkeinerlei Einfluss. Deshalb distanziert er sich hiermit ausdr\u00fccklich von\n allen Inhalten aller verlinkten \/verkn\u00fcpften Seiten, die nach der \nLinksetzung ver\u00e4ndert wurden. Diese Feststellung gilt f\u00fcr alle innerhalb\n des eigenen Internetangebotes gesetzten Links und Verweise sowie f\u00fcr \nFremdeintr\u00e4ge in vom Autor eingerichteten G\u00e4steb\u00fcchern, \nDiskussionsforen, Linkverzeichnissen, Mailinglisten und in allen anderen\n Formen von Datenbanken, auf deren Inhalt externe Schreibzugriffe \nm\u00f6glich sind. F\u00fcr illegale, fehlerhafte oder unvollst\u00e4ndige Inhalte und \ninsbesondere f\u00fcr Sch\u00e4den, die aus der Nutzung oder Nichtnutzung \nsolcherart dargebotener Informationen entstehen, haftet allein der \nAnbieter der Seite, auf welche verwiesen wurde, nicht derjenige, der \n\u00fcber Links auf die jeweilige Ver\u00f6ffentlichung lediglich verweist.<\/p>\n\n\n\n<p>3. Urheber- und Kennzeichenrecht<br>Der Autor ist bestrebt, in allen Publikationen die Urheberrechte  der verwendeten Grafiken, Tondokumente, Videosequenzen und Texte zu  beachten, von ihm selbst erstellte Grafiken, Tondokumente,  Videosequenzen und Texte zu nutzen oder auf lizenzfreie Grafiken,  Tondokumente, Videosequenzen und Texte zur\u00fcckzugreifen.<\/p>\n\n\n\n<p>Alle innerhalb des Internetangebotes genannten und ggf. durch \nDritte gesch\u00fctzten Marken- und Warenzeichen unterliegen uneingeschr\u00e4nkt \nden Bestimmungen des jeweils g\u00fcltigen Kennzeichenrechts und den \nBesitzrechten der jeweiligen eingetragenen Eigent\u00fcmer. Allein aufgrund \nder blo\u00dfen Nennung ist nicht der Schluss zu ziehen, dass Markenzeichen \nnicht durch Rechte Dritter gesch\u00fctzt sind!<\/p>\n\n\n\n<p>Das Copyright f\u00fcr ver\u00f6ffentlichte, vom Autor selbst erstellte \nObjekte bleibt allein beim Autor der Seiten. Eine Vervielf\u00e4ltigung oder \nVerwendung solcher Grafiken, Tondokumente, Videosequenzen und Texte in \nanderen elektronischen oder gedruckten Publikationen ist ohne \nausdr\u00fcckliche Zustimmung des Autors nicht gestattet.<\/p>\n\n\n\n<p>4. Datenschutz<br>Sofern innerhalb des Internetangebotes die M\u00f6glichkeit zur Eingabe  pers\u00f6nlicher oder gesch\u00e4ftlicher Daten (Emailadressen, Namen,  Anschriften) besteht, so erfolgt die Preisgabe dieser Daten seitens des  Nutzers auf ausdr\u00fccklich freiwilliger Basis. Die Inanspruchnahme und  Bezahlung aller angebotenen Dienste ist &#8211; soweit technisch m\u00f6glich und  zumutbar &#8211; auch ohne Angabe solcher Daten bzw. unter Angabe  anonymisierter Daten oder eines Pseudonyms gestattet. Die Nutzung der im  Rahmen des Impressums oder vergleichbarer Angaben ver\u00f6ffentlichten  Kontaktdaten wie Postanschriften, Telefon- und Faxnummern sowie  Emailadressen durch Dritte zur \u00dcbersendung von nicht ausdr\u00fccklich  angeforderten Informationen ist nicht gestattet. Rechtliche Schritte  gegen die Versender von sogenannten Spam-Mails bei Verst\u00f6ssen gegen  dieses Verbot sind ausdr\u00fccklich vorbehalten.<\/p>\n\n\n\n<p>5. Rechtswirksamkeit dieses Haftungsausschlusses<br>Dieser Haftungsausschluss ist als Teil des Internetangebotes zu  betrachten, von dem aus auf diese Seite verwiesen wurde. Sofern Teile  oder einzelne Formulierungen dieses Textes der geltenden Rechtslage  nicht, nicht mehr oder nicht vollst\u00e4ndig entsprechen sollten, bleiben  die \u00fcbrigen Teile des Dokumentes in ihrem Inhalt und ihrer G\u00fcltigkeit  davon unber\u00fchrt.\u00a0<\/p>\n","protected":false},"excerpt":{"rendered":"<p>Angaben nach \u00a7 5 Telemediengesetz (TMG) B\u00fcrgerfestausschu\u00df Heisterbacherrott Kontaktdaten :1. VorsitzenderWolfgang Otto ThiebesVogtsgasse 553639 K\u00f6nigswinterTel.: 02244 \/ 912167Email: vorsitzender@bfa-heisterbacherrott.de Verantwortlich f\u00fcr journalistisch-redaktionelle Inhalte iSd. \u00a7 55 II RStV: InternetbeauftragterWolfgang Otto ThiebesVogtsgasse 553639 K\u00f6nigswinterTel.: 02244 \/ 912167Email: vorsitzender@bfa-heisterbacherrott.de Das Impressum gilt f\u00fcr www.bfa-heisterbacherrott.de Haftungsausschluss 1. Inhalt des OnlineangebotesDer Autor \u00fcbernimmt keinerlei Gew\u00e4hr f\u00fcr die Aktualit\u00e4t, Korrektheit, [&hellip;]<\/p>\n","protected":false},"author":1,"featured_media":0,"parent":0,"menu_order":0,"comment_status":"closed","ping_status":"closed","template":"","meta":{"ngg_post_thumbnail":0,"footnotes":""},"class_list":["post-71","page","type-page","status-publish","hentry"],"_links":{"self":[{"href":"https:\/\/bfa-heisterbacherrott.de\/index.php?rest_route=\/wp\/v2\/pages\/71","targetHints":{"allow":["GET"]}}],"collection":[{"href":"https:\/\/bfa-heisterbacherrott.de\/index.php?rest_route=\/wp\/v2\/pages"}],"about":[{"href":"https:\/\/bfa-heisterbacherrott.de\/index.php?rest_route=\/wp\/v2\/types\/page"}],"author":[{"embeddable":true,"href":"https:\/\/bfa-heisterbacherrott.de\/index.php?rest_route=\/wp\/v2\/users\/1"}],"replies":[{"embeddable":true,"href":"https:\/\/bfa-heisterbacherrott.de\/index.php?rest_route=%2Fwp%2Fv2%2Fcomments&post=71"}],"version-history":[{"count":1,"href":"https:\/\/bfa-heisterbacherrott.de\/index.php?rest_route=\/wp\/v2\/pages\/71\/revisions"}],"predecessor-version":[{"id":72,"href":"https:\/\/bfa-heisterbacherrott.de\/index.php?rest_route=\/wp\/v2\/pages\/71\/revisions\/72"}],"wp:attachment":[{"href":"https:\/\/bfa-heisterbacherrott.de\/index.php?rest_route=%2Fwp%2Fv2%2Fmedia&parent=71"}],"curies":[{"name":"wp","href":"https:\/\/api.w.org\/{rel}","templated":true}]}}