{"id":69,"date":"2019-07-07T04:21:42","date_gmt":"2019-07-07T04:21:42","guid":{"rendered":"http:\/\/wp.bfa-heisterbacherrott.de\/?page_id=69"},"modified":"2019-07-07T04:21:43","modified_gmt":"2019-07-07T04:21:43","slug":"datenschutzerklaerung","status":"publish","type":"page","link":"https:\/\/bfa-heisterbacherrott.de\/?page_id=69","title":{"rendered":"Datenschutzerkl\u00e4rung"},"content":{"rendered":"\n<h2 class=\"wp-block-heading\"><\/h2>\n\n\n\n<p>Die rechtlichen Grundlagen des Datenschutzes finden sich im Bundesdatenschutzgesetz (BDSG) und dem Telemediengesetz (TMG).<\/p>\n\n\n\n<p><strong>Geltungsbereich<\/strong><br>Diese Datenschutzerkl\u00e4rung kl\u00e4rt Nutzer \u00fcber die Art, den Umfang  und Zwecke der Erhebung und Verwendung personenbezogener Daten durch  den verantwortlichen Anbieter (B\u00fcrgerfestausschuss Heisterbacherrott,  Vogtsgasse 5, 53639 K\u00f6nigswinter, <a href=\"mailto:Vorsitzender@bfa-heisterbacherrott.de\">vorsitzender@bfa-heisterbacherrott.de)<\/a> auf dieser Website (im folgenden \u201cAngebot\u201d) auf.<\/p>\n\n\n\n<p><strong>Umgang mit personenbezogenen Daten<\/strong><br>Personenbezogene Daten sind Informationen, mit deren Hilfe eine  Person bestimmbar ist, also Angaben, die zur\u00fcck zu einer Person verfolgt  werden k\u00f6nnen. Dazu geh\u00f6ren der Name, die Emailadresse oder die  Telefonnummer. Aber auch Daten \u00fcber Vorlieben, Hobbies, Mitgliedschaften  oder welche Webseiten von jemandem angesehen wurden z\u00e4hlen zu  personenbezogenen Daten.<\/p>\n\n\n\n<p>Personenbezogene Daten werden von dem Anbieter nur dann \nerhoben, genutzt und weiter gegeben, wenn dies gesetzlich erlaubt ist \noder die Nutzer in die Datenerhebung einwilligen.<\/p>\n\n\n\n<p><strong>Kontaktaufnahme<\/strong><br>Bei der Kontaktaufnahme mit dem Anbieter (zum Beispiel per  Kontaktformular oder E-Mail) werden die Angaben des Nutzers zwecks  Bearbeitung der Anfrage sowie f\u00fcr den Fall, dass Anschlussfragen  entstehen, gespeichert.<\/p>\n\n\n\n<p><strong>Einbindung von Diensten und Inhalten Dritter<\/strong><br>Es kann vorkommen, dass innerhalb dieses Onlineangebotes Inhalte  Dritter, wie zum Beispiel Videos von YouTube, Kartenmaterial von  Google-Maps, RSS-Feeds oder Grafiken von anderen Webseiten eingebunden  werden. Dies setzt immer voraus, dass die Anbieter dieser Inhalte  (nachfolgend bezeichnet als \u201eDritt-Anbieter\u201c) die IP-Adresse der Nutzer  wahr nehmen. Denn ohne die IP-Adresse, k\u00f6nnten sie die Inhalte nicht an  den Browser des jeweiligen Nutzers senden. Die IP-Adresse ist damit f\u00fcr  die Darstellung dieser Inhalte erforderlich. Wir bem\u00fchen uns nur solche  Inhalte zu verwenden, deren jeweilige Anbieter die IP-Adresse lediglich  zur Auslieferung der Inhalte verwenden. Jedoch haben wir keinen Einfluss  darauf, falls die Dritt-Anbieter die IP-Adresse z.B. f\u00fcr statistische  Zwecke speichern. Soweit dies uns bekannt ist, kl\u00e4ren wir die Nutzer  dar\u00fcber auf.<br> <\/p>\n\n\n\n<p><strong>Cookies<\/strong><br>Cookies sind kleine Dateien, die es erm\u00f6glichen, auf dem  Zugriffsger\u00e4t der Nutzer (PC, Smartphone o.\u00e4.) spezifische, auf das  Ger\u00e4t bezogene Informationen zu speichern. Sie dienen zum einem der  Benutzerfreundlichkeit von Webseiten und damit den Nutzern (z.B.  Speicherung von Logindaten). Zum anderen dienen sie, um die statistische  Daten der Webseitennutzung zu erfassen und sie zwecks Verbesserung des  Angebotes analysieren zu k\u00f6nnen. Die Nutzer k\u00f6nnen auf den Einsatz der  Cookies Einfluss nehmen. Die meisten Browser verf\u00fcgen eine Option mit  der das Speichern von Cookies eingeschr\u00e4nkt oder komplett verhindert  wird. Allerdings wird darauf hingewiesen, dass die Nutzung und  insbesondere der Nutzungskomfort ohne Cookies eingeschr\u00e4nkt werden.<\/p>\n\n\n\n<p>Sie k\u00f6nnen viele Online-Anzeigen-Cookies von Unternehmen \u00fcber die US-amerikanische Seite <a href=\"http:\/\/www.aboutads.info\/choices\/\">http:\/\/www.aboutads.info\/choices\/<\/a> oder die EU-Seite <a href=\"http:\/\/www.youronlinechoices.com\/uk\/your-ad-choices\/\">http:\/\/www.youronlinechoices.com\/uk\/your-ad-choices\/ <\/a>verwalten.<\/p>\n\n\n\n<p><strong>Verwendung von Facebook Social Plugins<\/strong><br>Dieses Angebot verwendet Social Plugins (\u201ePlugins\u201c) des sozialen  Netzwerkes facebook.com, welches von der Facebook Ireland Ltd., 4 Grand  Canal Square, Grand Canal Harbour, Dublin 2, Irland betrieben wird  (\u201eFacebook\u201c). Die Plugins sind an einem der Facebook Logos erkennbar  (wei\u00dfes \u201ef\u201c auf blauer Kachel, den Begriffen \u201eLike\u201c, \u201eGef\u00e4llt mir\u201c oder  einem \u201eDaumen hoch\u201c-Zeichen) oder sind mit dem Zusatz \u201eFacebook Social  Plugin\u201c gekennzeichnet. Die Liste und das Aussehen der Facebook Social  Plugins kann hier eingesehen werden: <a href=\"https:\/\/developers.facebook.com\/docs\/plugins\/\">https:\/\/developers.facebook.com\/docs\/plugins\/<\/a>.<\/p>\n\n\n\n<p>Wenn ein Nutzer eine Webseite dieses Angebots aufruft, die ein\n solches Plugin enth\u00e4lt, baut sein Browser eine direkte Verbindung mit \nden Servern von Facebook auf. Der Inhalt des Plugins wird von Facebook \ndirekt an Ihren Browser \u00fcbermittelt und von diesem in die Webseite \neingebunden. Der Anbieter hat daher keinen Einfluss auf den Umfang der \nDaten, die Facebook mit Hilfe dieses Plugins erhebt und informiert die \nNutzer daher entsprechend seinem <a href=\"http:\/\/www.facebook.com\/help\/?faq=17512\">Kenntnisstand<\/a>:<\/p>\n\n\n\n<p>Durch die Einbindung der Plugins erh\u00e4lt Facebook die \nInformation, dass ein Nutzer die entsprechende Seite des Angebots \naufgerufen hat. Ist der Nutzer bei Facebook eingeloggt, kann Facebook \nden Besuch seinem Facebook-Konto zuordnen. Wenn Nutzer mit den Plugins \ninteragieren, zum Beispiel den Like Button bet\u00e4tigen oder einen \nKommentar abgeben, wird die entsprechende Information von Ihrem Browser \ndirekt an Facebook \u00fcbermittelt und dort gespeichert. Falls ein Nutzer \nkein Mitglied von Facebook ist, besteht trotzdem die M\u00f6glichkeit, dass \nFacebook seine IP-Adresse in Erfahrung bringt und speichert. Laut \nFacebook wird in Deutschland nur eine anonymisierte IP-Adresse \ngespeichert.<\/p>\n\n\n\n<p>Zweck und Umfang der Datenerhebung und die weitere \nVerarbeitung und Nutzung der Daten durch Facebook sowie die \ndiesbez\u00fcglichen Rechte und Einstellungsm\u00f6glichkeiten zum Schutz der \nPrivatsph\u00e4re der Nutzer , k\u00f6nnen diese den Datenschutzhinweisen von \nFacebook entnehmen: <a href=\"https:\/\/www.facebook.com\/about\/privacy\/\">https:\/\/www.facebook.com\/about\/privacy\/<\/a>.<\/p>\n\n\n\n<p>Wenn ein Nutzer Facebookmitglied ist und nicht m\u00f6chte, dass \nFacebook \u00fcber dieses Angebot Daten \u00fcber ihn sammelt und mit seinen bei \nFacebook gespeicherten Mitgliedsdaten verkn\u00fcpft, muss er sich vor dem \nBesuch des Internetauftritts bei Facebook ausloggen. Weitere \nEinstellungen und Widerspr\u00fcche zur Nutzung von Daten f\u00fcr Werbezwecke, \nsind innerhalb der Facebook-Profileinstellungen m\u00f6glich: <a href=\"https:\/\/www.facebook.com\/settings?tab=ads\">https:\/\/www.facebook.com\/settings?tab=ads<\/a>.<\/p>\n\n\n\n<p><strong>Widerruf, \u00c4nderungen, Berichtigungen und Aktualisierungen<\/strong><br>Der Nutzer hat das Recht, auf Antrag unentgeltlich Auskunft zu  erhalten \u00fcber die personenbezogenen Daten, die \u00fcber ihn gespeichert  wurden. Zus\u00e4tzlich hat der Nutzer das Recht auf Berichtigung unrichtiger  Daten, Sperrung und L\u00f6schung seiner personenbezogenen Daten, soweit dem  keine gesetzliche Aufbewahrungspflicht entgegensteht.<\/p>\n\n\n\n<p><a href=\"http:\/\/rechtsanwalt-schwenke.de\/smmr-buch\/datenschutz-muster-generator-fuer-webseiten-blogs-und-social-media\/\" rel=\"noreferrer noopener\" target=\"_blank\"><strong>Datenschutz-Muster von Rechtsanwalt Thomas Schwenke \u2013 I LAW it<\/strong><\/a><\/p>\n\n\n\n<p><\/p>\n","protected":false},"excerpt":{"rendered":"<p>Die rechtlichen Grundlagen des Datenschutzes finden sich im Bundesdatenschutzgesetz (BDSG) und dem Telemediengesetz (TMG). GeltungsbereichDiese Datenschutzerkl\u00e4rung kl\u00e4rt Nutzer \u00fcber die Art, den Umfang und Zwecke der Erhebung und Verwendung personenbezogener Daten durch den verantwortlichen Anbieter (B\u00fcrgerfestausschuss Heisterbacherrott, Vogtsgasse 5, 53639 K\u00f6nigswinter, vorsitzender@bfa-heisterbacherrott.de) auf dieser Website (im folgenden \u201cAngebot\u201d) auf. Umgang mit personenbezogenen DatenPersonenbezogene Daten sind [&hellip;]<\/p>\n","protected":false},"author":1,"featured_media":0,"parent":0,"menu_order":0,"comment_status":"closed","ping_status":"closed","template":"","meta":{"ngg_post_thumbnail":0,"footnotes":""},"class_list":["post-69","page","type-page","status-publish","hentry"],"_links":{"self":[{"href":"https:\/\/bfa-heisterbacherrott.de\/index.php?rest_route=\/wp\/v2\/pages\/69","targetHints":{"allow":["GET"]}}],"collection":[{"href":"https:\/\/bfa-heisterbacherrott.de\/index.php?rest_route=\/wp\/v2\/pages"}],"about":[{"href":"https:\/\/bfa-heisterbacherrott.de\/index.php?rest_route=\/wp\/v2\/types\/page"}],"author":[{"embeddable":true,"href":"https:\/\/bfa-heisterbacherrott.de\/index.php?rest_route=\/wp\/v2\/users\/1"}],"replies":[{"embeddable":true,"href":"https:\/\/bfa-heisterbacherrott.de\/index.php?rest_route=%2Fwp%2Fv2%2Fcomments&post=69"}],"version-history":[{"count":1,"href":"https:\/\/bfa-heisterbacherrott.de\/index.php?rest_route=\/wp\/v2\/pages\/69\/revisions"}],"predecessor-version":[{"id":70,"href":"https:\/\/bfa-heisterbacherrott.de\/index.php?rest_route=\/wp\/v2\/pages\/69\/revisions\/70"}],"wp:attachment":[{"href":"https:\/\/bfa-heisterbacherrott.de\/index.php?rest_route=%2Fwp%2Fv2%2Fmedia&parent=69"}],"curies":[{"name":"wp","href":"https:\/\/api.w.org\/{rel}","templated":true}]}}