{"id":58,"date":"2019-07-07T04:07:43","date_gmt":"2019-07-07T04:07:43","guid":{"rendered":"http:\/\/wp.bfa-heisterbacherrott.de\/?page_id=58"},"modified":"2022-05-09T11:38:36","modified_gmt":"2022-05-09T09:38:36","slug":"links","status":"publish","type":"page","link":"https:\/\/bfa-heisterbacherrott.de\/?page_id=58","title":{"rendered":"Links"},"content":{"rendered":"\n<p><a href=\"http:\/\/www.buergerverein-thomasberg.de\/\" target=\"_blank\" rel=\"noreferrer noopener\" aria-label=\" (\u00f6ffnet in neuem Tab)\">B\u00fcrgerverein Thomasberg<\/a><\/p>\n\n\n\n<p><a href=\"https:\/\/www.emmausgemeinde.net\/\">Evangelische Kirchengemeinde Thomasber<\/a><a href=\"https:\/\/www.emmausgemeinde.net\/\" target=\"_blank\" rel=\"noreferrer noopener\">g-Heisterbacherrott<\/a><\/p>\n\n\n\n<p><a href=\"http:\/\/www.lz-oelberg.de\/\">L\u00f6schzug Oelberg, F\u00f6rderverein der Feuerwehr<\/a><\/p>\n\n\n\n<p><a href=\"http:\/\/www.gkkg.net\/\" target=\"_blank\" rel=\"noreferrer noopener\">Gro\u00dfe K\u00f6nigswinterer Karnevalsgesellschaft<\/a><\/p>\n\n\n\n<p><a href=\"https:\/\/www.heimatverein-heisterbacherrott.de\" data-type=\"URL\" data-id=\"https:\/\/www.heimatverein-heisterbacherrott.de\" target=\"_blank\" rel=\"noreferrer noopener\">Heimatverein Heisterbacherrott<\/a><\/p>\n\n\n\n<p><a href=\"https:\/\/heimatverein-heisterbacherrott.de\/\" data-type=\"URL\" data-id=\"https:\/\/heimatverein-heisterbacherrott.de\/\">Heimatmuseum Heisterbacherrott<\/a><\/p>\n\n\n\n<p><a href=\"http:\/\/www.kirche-am-oelberg.de\/thomasrott\/html\/kfd_hrott.html\" target=\"_blank\" rel=\"noreferrer noopener\">Katholische Frauen Deutschland, Heisterbacherrott<\/a><\/p>\n\n\n\n<p><a href=\"http:\/\/www.kirche-am-oelberg.de\/html\/thomasberg.html\" target=\"_blank\" rel=\"noreferrer noopener\">Katholische Kirchengemeinde St. Judas Thadd\u00e4us&nbsp;\/&nbsp;St. Joseph<\/a><\/p>\n\n\n\n<p><a href=\"http:\/\/www.vmb-nrw.de\/go\/bonn-rhein-sieg.html\" target=\"_blank\" rel=\"noreferrer noopener\">Kreismusikverband Bonn Rhein-Sieg<\/a><\/p>\n\n\n\n<p><a href=\"http:\/\/www.bergklaenge.de\/\" target=\"_blank\" rel=\"noreferrer noopener\">Musikzug &#8222;Bergkl\u00e4nge&#8220; Heisterbacherrott<\/a><\/p>\n\n\n\n<p><a href=\"http:\/\/www.struecher-kg.de\/index.php\" target=\"_blank\" rel=\"noreferrer noopener\">Str\u00fccher Karnevalsgesellschaft<\/a><\/p>\n\n\n\n<p><a href=\"http:\/\/www.tc-thomasberg.de\/\" target=\"_blank\" rel=\"noreferrer noopener\">Tambourcorps &#8222;Siebengebirge&#8220;&nbsp;Thomasberg<\/a><\/p>\n\n\n\n<p><a href=\"http:\/\/www.hausschlesien.de\/\" target=\"_blank\" rel=\"noreferrer noopener\">Verein Haus Schlesien<\/a><\/p>\n","protected":false},"excerpt":{"rendered":"<p>B\u00fcrgerverein Thomasberg Evangelische Kirchengemeinde Thomasberg-Heisterbacherrott L\u00f6schzug Oelberg, F\u00f6rderverein der Feuerwehr Gro\u00dfe K\u00f6nigswinterer Karnevalsgesellschaft Heimatverein Heisterbacherrott Heimatmuseum Heisterbacherrott Katholische Frauen Deutschland, Heisterbacherrott Katholische Kirchengemeinde St. Judas Thadd\u00e4us&nbsp;\/&nbsp;St. Joseph Kreismusikverband Bonn Rhein-Sieg Musikzug &#8222;Bergkl\u00e4nge&#8220; Heisterbacherrott Str\u00fccher Karnevalsgesellschaft Tambourcorps &#8222;Siebengebirge&#8220;&nbsp;Thomasberg Verein Haus Schlesien<\/p>\n","protected":false},"author":1,"featured_media":0,"parent":0,"menu_order":0,"comment_status":"closed","ping_status":"closed","template":"","meta":{"ngg_post_thumbnail":0,"footnotes":""},"class_list":["post-58","page","type-page","status-publish","hentry"],"_links":{"self":[{"href":"https:\/\/bfa-heisterbacherrott.de\/index.php?rest_route=\/wp\/v2\/pages\/58","targetHints":{"allow":["GET"]}}],"collection":[{"href":"https:\/\/bfa-heisterbacherrott.de\/index.php?rest_route=\/wp\/v2\/pages"}],"about":[{"href":"https:\/\/bfa-heisterbacherrott.de\/index.php?rest_route=\/wp\/v2\/types\/page"}],"author":[{"embeddable":true,"href":"https:\/\/bfa-heisterbacherrott.de\/index.php?rest_route=\/wp\/v2\/users\/1"}],"replies":[{"embeddable":true,"href":"https:\/\/bfa-heisterbacherrott.de\/index.php?rest_route=%2Fwp%2Fv2%2Fcomments&post=58"}],"version-history":[{"count":13,"href":"https:\/\/bfa-heisterbacherrott.de\/index.php?rest_route=\/wp\/v2\/pages\/58\/revisions"}],"predecessor-version":[{"id":3676,"href":"https:\/\/bfa-heisterbacherrott.de\/index.php?rest_route=\/wp\/v2\/pages\/58\/revisions\/3676"}],"wp:attachment":[{"href":"https:\/\/bfa-heisterbacherrott.de\/index.php?rest_route=%2Fwp%2Fv2%2Fmedia&parent=58"}],"curies":[{"name":"wp","href":"https:\/\/api.w.org\/{rel}","templated":true}]}}