{"id":31,"date":"2019-07-06T15:28:04","date_gmt":"2019-07-06T15:28:04","guid":{"rendered":"http:\/\/wp.bfa-heisterbacherrott.de\/?page_id=31"},"modified":"2025-07-03T20:40:40","modified_gmt":"2025-07-03T18:40:40","slug":"mitgliedsvereine","status":"publish","type":"page","link":"https:\/\/bfa-heisterbacherrott.de\/?page_id=31","title":{"rendered":"Mitgliedsvereine"},"content":{"rendered":"\n<p><a rel=\"noreferrer noopener\" aria-label=\" (\u00f6ffnet in neuem Tab)\" href=\"http:\/\/www.evangelische-kirchengemeinde-siebengebirge.de\/\" target=\"_blank\"><a href=\"https:\/\/www.emmausgemeinde.net\/\">Evangelische Kirchengemeinde Thomasber<\/a><a rel=\"noreferrer noopener\" href=\"https:\/\/www.emmausgemeinde.net\/\" target=\"_blank\">g-Heisterbacherrott<\/a><\/a><\/p>\n\n\n\n<p><a href=\"http:\/\/www.lz-oelberg.de\/\" target=\"_blank\" rel=\"noreferrer noopener\">L\u00f6schzug Oelberg, F\u00f6rderverein der Feuerwehr<\/a><\/p>\n\n\n\n<p><a href=\"http:\/\/www.gkkg.net\/\" target=\"_blank\" rel=\"noreferrer noopener\">Gro\u00dfe K\u00f6nigswinterer Karnevalsgesellschaft<\/a><\/p>\n\n\n\n<p><a href=\"https:\/\/heimatverein-heisterbacherrott.de\/\" target=\"_blank\" rel=\"noreferrer noopener\">Heimatverein Heisterbacherrott<\/a><\/p>\n\n\n\n<p><a href=\"https:\/\/www.jgvheisterbacherrott.de\/\" target=\"_blank\" rel=\"noreferrer noopener\">JGV Frohsinn Heisterbacherrott<\/a><\/p>\n\n\n\n<p><a href=\"https:\/\/www.kfd-bundesverband.de\/\" target=\"_blank\" rel=\"noreferrer noopener\">Katholische Frauen Deutschland, Heisterbacherrott<\/a><\/p>\n\n\n\n<p><a href=\"http:\/\/www.kirche-am-oelberg.de\/html\/thomasberg.html\" target=\"_blank\" rel=\"noreferrer noopener\">Katholische Kirchengemeinde St. Judas Thadd\u00e4us&nbsp;\/&nbsp;St. Joseph<\/a><\/p>\n\n\n\n<p><a href=\"http:\/\/kirchenchor-heisterbacherrott.de\/\" target=\"_blank\" rel=\"noreferrer noopener\">Kirchenchor C\u00e4cilia Heisterbacherrott<\/a><\/p>\n\n\n\n<p><a href=\"http:\/\/www.bergklaenge.de\/\" target=\"_blank\" rel=\"noreferrer noopener\">Musikzug &#8222;Bergkl\u00e4nge&#8220; Heisterbacherrott<\/a><\/p>\n\n\n\n<p><a href=\"http:\/\/www.hausschlesien.de\/\" target=\"_blank\" rel=\"noreferrer noopener\">Verein Haus Schlesien<\/a><\/p>\n","protected":false},"excerpt":{"rendered":"<p>Evangelische Kirchengemeinde Thomasberg-Heisterbacherrott L\u00f6schzug Oelberg, F\u00f6rderverein der Feuerwehr Gro\u00dfe K\u00f6nigswinterer Karnevalsgesellschaft Heimatverein Heisterbacherrott JGV Frohsinn Heisterbacherrott Katholische Frauen Deutschland, Heisterbacherrott Katholische Kirchengemeinde St. Judas Thadd\u00e4us&nbsp;\/&nbsp;St. Joseph Kirchenchor C\u00e4cilia Heisterbacherrott Musikzug &#8222;Bergkl\u00e4nge&#8220; Heisterbacherrott Verein Haus Schlesien<\/p>\n","protected":false},"author":1,"featured_media":0,"parent":0,"menu_order":0,"comment_status":"closed","ping_status":"closed","template":"","meta":{"ngg_post_thumbnail":0,"footnotes":""},"class_list":["post-31","page","type-page","status-publish","hentry"],"_links":{"self":[{"href":"https:\/\/bfa-heisterbacherrott.de\/index.php?rest_route=\/wp\/v2\/pages\/31","targetHints":{"allow":["GET"]}}],"collection":[{"href":"https:\/\/bfa-heisterbacherrott.de\/index.php?rest_route=\/wp\/v2\/pages"}],"about":[{"href":"https:\/\/bfa-heisterbacherrott.de\/index.php?rest_route=\/wp\/v2\/types\/page"}],"author":[{"embeddable":true,"href":"https:\/\/bfa-heisterbacherrott.de\/index.php?rest_route=\/wp\/v2\/users\/1"}],"replies":[{"embeddable":true,"href":"https:\/\/bfa-heisterbacherrott.de\/index.php?rest_route=%2Fwp%2Fv2%2Fcomments&post=31"}],"version-history":[{"count":11,"href":"https:\/\/bfa-heisterbacherrott.de\/index.php?rest_route=\/wp\/v2\/pages\/31\/revisions"}],"predecessor-version":[{"id":5295,"href":"https:\/\/bfa-heisterbacherrott.de\/index.php?rest_route=\/wp\/v2\/pages\/31\/revisions\/5295"}],"wp:attachment":[{"href":"https:\/\/bfa-heisterbacherrott.de\/index.php?rest_route=%2Fwp%2Fv2%2Fmedia&parent=31"}],"curies":[{"name":"wp","href":"https:\/\/api.w.org\/{rel}","templated":true}]}}